{"id":688,"date":"2018-01-26T14:54:19","date_gmt":"2018-01-26T14:54:19","guid":{"rendered":"http:\/\/picassotransfers.es\/?page_id=688"},"modified":"2025-05-19T12:47:57","modified_gmt":"2025-05-19T12:47:57","slug":"aviso-legal","status":"publish","type":"page","link":"https:\/\/picassotransfers.es\/es\/aviso-legal\/","title":{"rendered":"Aviso Legal"},"content":{"rendered":"<section class=\"wpb-content-wrapper\"><p>[vc_row][vc_column][vc_empty_space height=&#8221;65px&#8221;][vc_column_text]<\/p>\n<h2>Aviso Legal<\/h2>\n<h3>1 \u2013 OBJETO<\/h3>\n<p>Este sitio web proporciona informaci\u00f3n sobre los servicios y actividades de:<br \/>\n[Picasso Transfers]<br \/>\n[Calle Equitaci\u00f3n 5 Casa 13]<br \/>\ncorreo\u2013e [INFO@PICASSOTRANSFERS.ES]<br \/>\nNIF: 25715419Q<br \/>\nen lo sucesivo denominado \u201cTitular\u201d.<\/p>\n<p>&nbsp;<\/p>\n<h3>2 \u2013 PROPIEDAD INTELECTUAL<\/h3>\n<p>Los contenidos de esta web, incluyendo, entre otros, im\u00e1genes, logotipos, gr\u00e1ficos, animaciones, textos o aplicaciones inform\u00e1ticas, cualesquiera que sea su formato, lenguaje de programaci\u00f3n y forma de representaci\u00f3n, as\u00ed como el nombre de dominio [PICASSOTRANSFER.ES] son propiedad del Titular, o bien ha adquirido los correspondientes derechos de sus propietarios, o tiene el consentimiento de \u00e9stos para su publicaci\u00f3n, estando protegidos por las leyes y tratados internacionales en materia de propiedad intelectual y, en su caso, industrial, as\u00ed como por la normativa reguladora de los nombres de dominio.<\/p>\n<p>Se permite el uso de hiperv\u00ednculos a esta web y la utilizaci\u00f3n o reproducci\u00f3n, total o parcial, sin \u00e1nimo de lucro, de sus contenidos siempre que se haga constar la fuente y se incluya un hiperv\u00ednculo a esta web, y en los casos permitidos en los art\u00edculos 31 a 34 de la Ley de Propiedad Intelectual (Real Decreto Legislativo 1\/1996, de 12 de abril). Queda prohibido el uso de marcos (frames) o cualesquiera otros mecanismos destinados a ocultar el origen o fuente de los contenidos, cualquier uso, transformaci\u00f3n o explotaci\u00f3n de los mismos con finalidades comerciales, promocionales o contrarias a la ley, moral u orden p\u00fablico, que pudiera lesionar los intereses o perjudicar la imagen del Titular o de terceros leg\u00edtimos, que constituyan competencia desleal o, en general, en contra de lo dispuesto en estas Condiciones de Uso.<\/p>\n<p>&nbsp;<\/p>\n<h3>3 \u2013 LIMITACI\u00d3N DE RESPONSABILIDAD<\/h3>\n<p>Los contenidos de este sitio web se ofrecen con una finalidad informativa y divulgativa por lo que el Titular se exime de cualquier responsabilidad, directa o indirecta, que pudiera derivarse del uso o aplicaci\u00f3n de la informaci\u00f3n de esta web fuera de sus prop\u00f3sitos.<\/p>\n<p>Los enlaces (hiperv\u00ednculos) o contenidos de terceros que aparecen en esta web se facilitan con la finalidad de ampliar la informaci\u00f3n o indicar otro punto de vista. Su inclusi\u00f3n no implica la aceptaci\u00f3n de dichos contenidos, ni la asociaci\u00f3n del Titular con los responsables de dichas p\u00e1ginas web, por lo que rechaza toda responsabilidad en relaci\u00f3n con los mismos, as\u00ed como por los da\u00f1os que pudieran causarse por cualquier motivo en su sistema inform\u00e1tico (equipo y aplicaciones), documentos o ficheros. El Titular s\u00f3lo podr\u00e1 ser responsable por dichos contenidos conforme a lo establecido en la Ley 34\/2002, de 11 de julio, de Servicios de la Sociedad de la Informaci\u00f3n y de Comercio Electr\u00f3nico, en caso de que, habiendo tenido conocimiento efectivo de su ilicitud o de que lesiona los bienes o intereses de un tercero, no suprima o inutilice el enlace a los mismos.<\/p>\n<p>El Titular no garantiza la fiabilidad, disponibilidad o continuidad de este sitio web ni de sus contenidos por motivos t\u00e9cnicos, de seguridad, control o mantenimiento del servicio, por fallos debidos al servidor que aloja los contenidos o de otros intermediarios o proveedores, por ataques contra el sistema inform\u00e1tico, ni por cualesquiera otros motivos que se deriven de causas que escapen a su control, por lo que se exime de cualquier responsabilidad, directa o indirecta, por los mismos.<\/p>\n<p>El Titular no se hace responsable de los fallos, errores o da\u00f1os, directos o indirectos, que puedan causarse al sistema inform\u00e1tico del usuario o a los ficheros o documentos almacenados en el mismo, que sean causados o se deriven de la capacidad o calidad de su sistema inform\u00e1tico o de la presencia de un virus o cualquier otra aplicaci\u00f3n inform\u00e1tica da\u00f1ina en el ordenador que sea utilizado para la conexi\u00f3n a los contenidos de la web, de la calidad de su conexi\u00f3n o acceso a Internet, por un mal funcionamiento de su navegador, o por el uso de aplicaciones inform\u00e1ticas cuyas versiones no est\u00e9n actualizadas o no se obtenga la correspondiente licencia de usuario.<\/p>\n<p>&nbsp;<\/p>\n<h3>3 \u2013 MODIFICACIONES Y ACTUALIZACIONES<\/h3>\n<p>El Titular se reserva la facultad de efectuar, en cualquier momento y sin necesidad de previo aviso, modificaciones y actualizaciones de la informaci\u00f3n contenida en la web, de la configuraci\u00f3n, disponibilidad y presentaci\u00f3n de \u00e9sta, as\u00ed como de las presentes Condiciones de Uso.<\/p>\n<p>&nbsp;<\/p>\n<h3>4 \u2013 LEY APLICABLE Y FORO<\/h3>\n<p>Las cuestiones relacionadas con el uso de esta web o sus contenidos se regir\u00e1n y ser\u00e1n interpretadas conforme a las presentes Condiciones de Uso y la legislaci\u00f3n espa\u00f1ola, someti\u00e9ndose las partes, salvo en los casos en que no est\u00e9 legalmente permitido, a la jurisdicci\u00f3n de los Juzgados y Tribunales de Alcal\u00e1 la Real (Ja\u00e9n) para la resoluci\u00f3n de los conflictos concernientes al uso de esta web, con renuncia de forma expresa a cualquier otro foro que pudiera corresponderles.<\/p>\n<p>Informaci\u00f3n facilitada en cumplimiento con lo dispuesto en el art\u00edculo 10 de la Ley 34\/2002, de 11 de julio, de Servicios de la Sociedad de la Informaci\u00f3n y de Comercio Electr\u00f3nico.<\/p>\n<h3><\/h3>\n<h3>5 &#8211; MODALIDADES DE PEDIDO Y PRECIO<\/h3>\n<p>Los clientes tienen la posibilidad de realizar todos sus pedidos desde la p\u00e1gina de Internet: www.PicassoTransfers.com<\/p>\n<p>Cada cliente se declara con plena capacidad para utilizar tarjetas de cr\u00e9dito y que las mismas tienen fondos suficientes para cubrir todos los costes que resultan de la compra de productos a trav\u00e9s de PicassoTransfers.<\/p>\n<p>Al presionar el bot\u00f3n &#8220;Pagar&#8221; durante el proceso de compra, el miembro declara aceptar plenamente y sin reservas la totalidad de las presentes Condiciones Generales de Venta.<\/p>\n<p>Los datos registrados por PicassoTransfers constituyen la prueba de las transacciones hechas entre PicassoTransfers y los miembros de su Comunidad Privada. PicassoTransfers confirmar\u00e1 su pedido a trav\u00e9s del env\u00edo de un correo electr\u00f3nico.<\/p>\n<p>La informaci\u00f3n contractual se presenta en lengua espa\u00f1ola y ser\u00e1 confirmada como muy tarde en el momento de la entrega.<\/p>\n<p>En los precios de nuestros productos est\u00e1n incluidos todos los impuestos, pero no incluyen los gastos de transporte.<\/p>\n<p>La compra m\u00ednima es de 10\u20ac (sin considerar gastos de env\u00edo u otros gastos).<\/p>\n<p>PicassoTransfers se reserva el derecho a modificar sus precios en cualquier momento, pero los productos se facturar\u00e1n sobre la base de las tarifas en vigor en el momento del registro de los pedidos (a reserva de la disponibilidad que haya del producto), salvo error tipogr\u00e1fico manifiesto.<\/p>\n<p>Los productos permanecen en propiedad del proveedor hasta el momento en el que se haya producido el pago completo del precio.<\/p>\n<p>PicassoTransfers se reserva el derecho a rechazar un pedido de cualquier miembro con el que tenga un litigio.<\/p>\n<h3>6 &#8211; DISPONIBILIDAD<\/h3>\n<p>PicassoTransfers har\u00e1 todo lo posible por complacer a todos sus clientes en la demanda de los productos.<\/p>\n<p>En caso de indisponibilidad del producto despu\u00e9s de haberse realizado el pedido el cliente ser\u00e1 informado por correo electr\u00f3nico de anulaci\u00f3n de \u00e9ste.<\/p>\n<p>A ra\u00edz de esta demanda, la rapidez de la devoluci\u00f3n en la cuenta bancaria del cliente depender\u00e1 del tipo de tarjeta bancaria y de las condiciones de cada entidad bancaria. Estos plazos de nuevo se precisan en la cl\u00e1usula &#8220;Entrega&#8221;.<\/p>\n<h3>7 &#8211; PAGO<\/h3>\n<p>Pago con tarjeta:<br \/>\nEl Reglamento de las compras se efect\u00faa por tarjeta bancaria. Las tarjetas bancarias aceptadas son: Visa y MasterCard. El precio de compra se cargar\u00e1 en cuenta bancaria del cliente, en el plazo de 4 d\u00edas a contar desde el d\u00eda del pedido y \u00e9sta se dar\u00e1 por efectiva despu\u00e9s de confirmaci\u00f3n de su acuerdo de los centros de pago bancario.<br \/>\nEn el caso de que la TPV (Terminal Punto de Venta) informara de la denegaci\u00f3n de la tarjeta, se cancelar\u00e1 autom\u00e1ticamente el pedido, informando on-line al cliente de dicha anulaci\u00f3n.<\/p>\n<p><strong>Contrareembolso:<\/strong><br \/>\nEl pago se realiza en el momento de recogerlo en Correos<br \/>\nEl coste adicional para esta modalidad es de 4\u20ac<br \/>\nSe recoger\u00e1 el pedido en la oficina de correos m\u00e1s cercana del domicilio.<br \/>\nPara devoluciones de dinero se realizaran de la siguiente manera siempre y cuando el importe no supere los 6 \u20ac, que en tal caso se realizara un vale descuento para la siguiente compra.<br \/>\nSe realizara una transferencia donde indique el cliente.<\/p>\n<p><strong>Transferencia bancaria.<\/strong><br \/>\nEsta modalidad de pago no tendr\u00e1 ning\u00fan coste para el cliente<br \/>\nEl importe de las devoluciones se cargara en la cuenta que indique el cliente<br \/>\nPara realizar el pago de una factura ha de constar:<br \/>\nN\u00famero de factura.<br \/>\nNombre de la persona que lo ingresa.<br \/>\nDebe ir dirigido a PicassoTransfers en el numero de cuenta proporcionado por la empresa.<br \/>\nEnviar el comprobante de ingreso al correo: info@picassotransfers.com enviando en el asunto comprobante de ingreso.<\/p>\n<p><strong>Paypal<\/strong><br \/>\nEn esta modalidad el pago se cargara seg\u00fan haya contratado el cliente con paypal de la misma manera las devoluciones donde la empresa tenga que abonar alg\u00fan importe se realizaran por la misma via.<br \/>\nEsta modalidad no tiene ning\u00fan coste para el cliente.<\/p>\n<h3>8 &#8211; SEGURIDAD<\/h3>\n<p>Para su seguridad PicassoTransfers ha confiado en el sistema de pago mediante tarjeta de cr\u00e9dito a una pasarela de pagos.<\/p>\n<p>Los datos bancarios introducidos son encriptados y transmitidos de forma segura a los servidores de la entidad bancaria y, posteriormente, son verificados con el banco emisor para evitar posibles fraudes y abusos.<\/p>\n<p>Este procedimiento de introducci\u00f3n de datos est\u00e1 garantizado por la tecnolog\u00eda de encriptaci\u00f3n SSL (Secure Socker Layer) -128 bits, uno de los sistemas de protecci\u00f3n m\u00e1s avanzados y eficaces actualmente disponibles, gracias al cual, ning\u00fan tercero tendr\u00e1 acceso v\u00eda Internet a esta informaci\u00f3n relativa a los datos bancarios introducidos por el cliente.<\/p>\n<p>S\u00f3lo el Banco y PayPal tienen acceso a los datos bancarios vinculados a estos medios de pago, de manera que PicassoTransfers no conoce ni registra estos datos durante la operaci\u00f3n de pago.<\/p>\n<h3>9 &#8211; ENTREGA<\/h3>\n<p>El proveedor enviar\u00e1 los productos al almac\u00e9n de distribuci\u00f3n, desde donde saldr\u00e1n los productos cuyo destino final ser\u00e1 la direcci\u00f3n que el comprador establezca. Cada vez que se vaya a enviar un pedido, el comprador recibir\u00e1 un correo electr\u00f3nico.<\/p>\n<p>Los gastos de transporte ser\u00e1n a cuenta del comprador.<\/p>\n<p>El pedido de compra que corresponde al pedido estar\u00e1 disponible en PicassoTransfers, una vez que se confirme el pago, que podr\u00e1 visualizarse mediante el v\u00ednculo: &#8220;Mis Pedidos&#8221;, a partir de la emisi\u00f3n del correo electr\u00f3nico. Este pedido de compra original incluye los gastos de entrega y el IVA.<\/p>\n<p>PicassoTransfers pedir\u00e1 a sus clientes que elija el lugar de la entrega, debiendo especificar su domicilio, oficina o centro donde quieren que se le entregue el producto. El plazo de entrega oscila entre 24 y 72 horas de d\u00edas h\u00e1biles.<\/p>\n<p>PicassoTransfers informar\u00e1 al cliente de la salida del pedido del almac\u00e9n de distribuci\u00f3n, mediante el env\u00edo de un correo electr\u00f3nico.<\/p>\n<p>Cada entrega se considera efectuada a partir de la puesta a disposici\u00f3n del producto al cliente por parte del transportista, materializado por el sistema de control utilizado por el transportista. Corresponde al destinatario comprobar el pedido en el momento de la entrega y hacer entonces todas las reservas y reclamaciones que aparecieran justificadas, incluso tiene la posibilidad de rechazar el paquete, si \u00e9ste hubiera sido abierto o si tiene indicios manifiestos de deterioro.<\/p>\n<p>Las reservas y reclamaciones deben ir dirigidas a PicassoTransfers por correo electr\u00f3nico a la direcci\u00f3n que se encontrar\u00e1, en la p\u00e1gina de PicassoTransfers.<\/p>\n<h3>10 &#8211; DEVOLUCI\u00d3N<\/h3>\n<p>Todos los productos vendidos podr\u00e1n ser devueltos durante 7 d\u00edas contados desde la fecha de entrega, de acuerdo con las disposiciones de la Ley de Comercio Minorista espa\u00f1ola.<\/p>\n<p>Previamente, el cliente deber\u00e1 indicar su intenci\u00f3n por correo electr\u00f3nico. PicassoTransfers contestar\u00e1 por medio de otro correo electr\u00f3nico especificando las instrucciones precisas para la devoluci\u00f3n del producto.<\/p>\n<p>Los gastos de devoluci\u00f3n correr\u00e1n a cargo del cliente.<\/p>\n<p>El reembolso en la cuenta del cliente como consecuencia de esta devoluci\u00f3n, se efectuar\u00e1 en el plazo de 7 d\u00edas a partir de la recepci\u00f3n de las mercanc\u00edas por PicassoTransfers.<\/p>\n<p>La devoluci\u00f3n no podr\u00e1 tener lugar en ning\u00fan caso si los productos suministrados fueron manifiestamente objeto de uso.<\/p>\n<p>Los productos imperativamente deben devolverse correctamente protegidos, en su embalaje de origen, en un perfecto estado (no da\u00f1ados o ensuciados por el cliente) con todos los accesorios, instrucciones y documentaci\u00f3n. Ser\u00e1n enviados al lugar especificado por PicassoTransfers en las instrucciones precisas para la devoluci\u00f3n del producto enviadas mediante correo electr\u00f3nico.<\/p>\n<p>En el caso de que la devoluci\u00f3n no fuera aceptada por el proveedor por entender que el producto cuya devoluci\u00f3n se pretende hubiera sido utilizado, estos productos permanecer\u00e1n en el almac\u00e9n de distribuci\u00f3n para ser recogidos por el cliente, por un per\u00edodo no superior a treinta d\u00edas desde su devoluci\u00f3n.<\/p>\n<p>No podr\u00e1n tampoco devolverse los paquetes en los que no conste ning\u00fan elemento adjunto que permita identificar al remitente (n\u00b0 de pedido, nombre, direcci\u00f3n,&#8230;).<\/p>\n<p>Los gastos y riesgos vinculados a la devoluci\u00f3n del producto ser\u00e1n a cargo del remitente, quien deber\u00e1 enviarlos de forma segura y con las garant\u00edas necesarias para que la mercanc\u00eda devuelta llegue en perfecto estado de conservaci\u00f3n.<\/p>\n<p>A trav\u00e9s de PicassoTransfers se pueden realizar devoluciones de los productos comprados por el importe de los mismos. Una vez recibido\/s el\/los productos devueltos, PicassoTransfers verificar\u00e1 que est\u00e9n en buen estado y proceder\u00e1 al abono del importe pagado menos los gastos de env\u00edo (7 \u20ac IVA incluido), independientemente del importe del producto devuelto.<\/p>\n<p>Toda persona que devuelva su producto recibir\u00e1 un correo electr\u00f3nico inform\u00e1ndole del importe de su reembolso.<\/p>\n<h3>11 &#8211; GARANT\u00cdA<\/h3>\n<p>Las garant\u00edas y servicios postventa se regir\u00e1n por el Real Decreto Legislativo 1\/2007 de 16 de noviembre que aprueba el texto de la Ley General para la Defensa de los Consumidores y Usuarios. De acuerdo con esta norma, el vendedor est\u00e1 obligado a entregar al consumidor y usuario productos que sean conformes con el contrato, respondiendo frente al \u00e9l de cualquier falta de conformidad. El consumidor y usuario tiene derecho a la reparaci\u00f3n del producto, a su sustituci\u00f3n, a la rebaja del precio o a la resoluci\u00f3n del contrato.<\/p>\n<h3>12 &#8211; RESPONSABILIDAD, LITIGIOS Y LEGISLACI\u00d3N APLICABLE<\/h3>\n<p>PicassoTransfers no podr\u00eda considerarse como responsable del incumplimiento del contrato celebrado en caso de ruptura de existencias o indisponibilidad del producto, fuerza mayor, perturbaci\u00f3n o huelga total o parcial, en particular, de los servicios postales y medios de transporte y\/o comunicaciones, inundaci\u00f3n o incendio. En caso de litigio, el miembro se dirigir\u00e1 por prioridad a PicassoTransfers para obtener una soluci\u00f3n amistosa.<\/p>\n<p>Los Tribunales de Madrid son los \u00fanicos competentes. Se interpretar\u00e1n las presentes condiciones generales de venta en lengua espa\u00f1ola y se realizar\u00e1n de acuerdo con el derecho espa\u00f1ol. Todo desacuerdo que pudiera nacer con motivo de su validez, su interpretaci\u00f3n o su ejecuci\u00f3n se presentar\u00e1 a los Tribunales de Madrid, a los cuales se hace expresamente atribuci\u00f3n exclusiva de competencia.<\/p>\n<h3>12 &#8211; MODIFICACI\u00d3N DE LAS CONDICIONES GENERALES DE VENTA<\/h3>\n<p>PicassoTransfers se reserva el derecho a modificar las condiciones generales de venta sin previo aviso, pudiendo cambiar, suprimir o a\u00f1adir tanto los contenidos y servicios que se presten a trav\u00e9s del mismo como la forma en la que estos parezcan presentados o localizados en sus servidores.<\/p>\n<p>Estos cambios deber\u00e1n de ser aceptados por el Usuario cada vez que haga efectiva una compra a trav\u00e9s de la p\u00e1gina PicassoTransfers.<\/p>\n<p>Los miembros de la &#8220;Comunidad Privada de PicassoTransfers&#8221; que no est\u00e9n conformes con las modificaciones de las condiciones generales, deber\u00e1n notificarlo y, a partir de la fecha en la cual la nueva versi\u00f3n entrar\u00e1 en vigor, deber\u00e1n dejar de utilizar los servicios PicassoTransfers. En el supuesto de alguno de los t\u00e9rminos de las condiciones generales fuera ilegal o inoponible, ser\u00e1 nula de pleno derecho y aplic\u00e1ndose lo acordado por la partes y en su defecto lo expuesto en el C\u00f3digo Civil Espa\u00f1ol.<\/p>\n<h3>13 &#8211; POL\u00cdTICA DE PRIVACIDAD<\/h3>\n<p>Toda comunicaci\u00f3n con PicassoTransfers por cualquier medio o a trav\u00e9s de su direcci\u00f3n de correo electr\u00f3nico, o de los formularios presentes en este &#8216;web site&#8217; o a su &#8216;e-mail&#8217;, supone el consentimiento expreso para que sus datos personales sean incorporados a ficheros titularidad de PicassoTransfers, cuya direcci\u00f3n es Direcci\u00f3n: calle Equitaci\u00f3n, 5 casa 13 29649, Mijas Costa (M\u00e1laga) .<br \/>\nEstos datos de car\u00e1cter personal ser\u00e1n tratados conforme a lo dispuesto en la Ley Org\u00e1nica 15\/1999, de 13 de diciembre, de Protecci\u00f3n de Datos de Car\u00e1cter Personal.<br \/>\nPor tanto, el interesado podr\u00e1 ejercer derecho de acceso, rectificaci\u00f3n, cancelaci\u00f3n y oposici\u00f3n con respecto a los datos personales que consten en los expresados ficheros, pudiendo revocar su consentimiento por escrito en cualquier momento.<br \/>\nPara ello lo podr\u00e1n hacer mediante comunicaci\u00f3n escrita dirigida a:<br \/>\nPicassoTransfers<br \/>\nDirecci\u00f3n: calle Equitaci\u00f3n, 5 casa 13 29649, Mijas Costa (M\u00e1laga)<br \/>\nTel\u00e9fono: +34 657 186 634<br \/>\ninfo@picassotransfers.com[\/vc_column_text][\/vc_column][\/vc_row]<\/p>\n<\/section>","protected":false},"excerpt":{"rendered":"<p>[vc_row][vc_column][vc_empty_space height=&#8221;65px&#8221;][vc_column_text] Aviso Legal 1 \u2013 OBJETO Este sitio web proporciona informaci\u00f3n sobre los servicios y actividades de: [Picasso Transfers] [Calle Equitaci\u00f3n 5 Casa 13] correo\u2013e [INFO@PICASSOTRANSFERS.ES] NIF: 25715419Q en lo sucesivo denominado \u201cTitular\u201d. &nbsp; 2 \u2013 PROPIEDAD INTELECTUAL Los contenidos de esta web, incluyendo, entre otros, im\u00e1genes, logotipos, gr\u00e1ficos, animaciones, textos o aplicaciones inform\u00e1ticas, [&hellip;]<\/p>\n","protected":false},"author":1,"featured_media":0,"parent":0,"menu_order":0,"comment_status":"closed","ping_status":"closed","template":"","meta":{"_mi_skip_tracking":false,"_exactmetrics_sitenote_active":false,"_exactmetrics_sitenote_note":"","_exactmetrics_sitenote_category":0,"footnotes":""},"class_list":["post-688","page","type-page","status-publish","hentry"],"_links":{"self":[{"href":"https:\/\/picassotransfers.es\/es\/wp-json\/wp\/v2\/pages\/688"}],"collection":[{"href":"https:\/\/picassotransfers.es\/es\/wp-json\/wp\/v2\/pages"}],"about":[{"href":"https:\/\/picassotransfers.es\/es\/wp-json\/wp\/v2\/types\/page"}],"author":[{"embeddable":true,"href":"https:\/\/picassotransfers.es\/es\/wp-json\/wp\/v2\/users\/1"}],"replies":[{"embeddable":true,"href":"https:\/\/picassotransfers.es\/es\/wp-json\/wp\/v2\/comments?post=688"}],"version-history":[{"count":6,"href":"https:\/\/picassotransfers.es\/es\/wp-json\/wp\/v2\/pages\/688\/revisions"}],"predecessor-version":[{"id":2160,"href":"https:\/\/picassotransfers.es\/es\/wp-json\/wp\/v2\/pages\/688\/revisions\/2160"}],"wp:attachment":[{"href":"https:\/\/picassotransfers.es\/es\/wp-json\/wp\/v2\/media?parent=688"}],"curies":[{"name":"wp","href":"https:\/\/api.w.org\/{rel}","templated":true}]}}